{"id":5556,"date":"2017-08-08T10:06:52","date_gmt":"2017-08-08T10:06:52","guid":{"rendered":"https:\/\/pofo.themezaa.com\/?page_id=5556"},"modified":"2024-11-15T12:46:42","modified_gmt":"2024-11-15T11:46:42","slug":"mission","status":"publish","type":"page","link":"https:\/\/enginex.it\/it\/mission\/","title":{"rendered":"Azienda"},"content":{"rendered":"<div class=\"wpb-content-wrapper\"><section data-vc-full-width=\"true\" data-vc-full-width-init=\"false\" class=\"vc_row wpb_row vc_row-fluid  vc_custom_1731671201345 vc_row-has-fill vc_column-gap-20 pofo-stretch-content pofo-stretch-row-container vc_row-o-content-middle vc_row-flex\"><div class=\"wpb_column vc_column_container vc_col-sm-6  col-xs-mobile-fullwidth\"><div class=\"vc_column-inner \"><div class=\"wpb_wrapper\">[vc_images_carousel images=&#8221;22221,22219,22220&#8243; img_size=&#8221;full&#8221; autoplay=&#8221;yes&#8221; wrap=&#8221;yes&#8221; css=&#8221;&#8221;]<\/div><\/div><\/div><div class=\"wpb_column vc_column_container vc_col-sm-6  col-xs-mobile-fullwidth\"><div class=\"vc_column-inner \"><div class=\"wpb_wrapper\"><h4 class=\"text-extra-large margin-25px-bottom display-inline-block alt-font heading-style3  vc_custom_1731600449796  heading-1\"  style=\"font-weight: 600; color: #232323;\">Perch\u00e9 affidarsi ad EngineX<\/h4><div class=\"last-paragraph-no-margin\"><p>La nostra \u201cMission\u201d \u00e8 fornire ai Clienti soluzioni complete per quanto riguarda la progettazione, le ispezioni e i servizi di expediting e di management finalizzati alla realizzazione di impianti industriali con l\u2019obiettivo di offrire soluzioni flessibili e dinamiche tagliate sulle specifiche esigenze del Cliente. ENGINEX si propone infatti come partner privilegiato nei settori dell\u2019Oil &amp;Gas, del petrolchimico, della generazione di energia e delle installazioni industriali in genere. Il sistema di management di ENGINEX \u00e8 stato concepito allo scopo di raggiungere la piena soddisfazione del Cliente e dell\u2019utilizzatore finale in quanto a tempi, costi, qualit\u00e0, disponibilit\u00e0 e affidabilit\u00e0. ENGINEX \u00e8 in grado di offrire risorse a livello internazionale altamente qualificate, per supportare con sorprendente professionalit\u00e0 e flessibilit\u00e0 medi e grandi progetti industriali.<\/p>\n<\/div><\/div><\/div><\/div><\/section><div class=\"vc_row-full-width vc_clearfix\"><\/div><section class=\"vc_row wpb_row vc_row-fluid  vc_custom_1731600993674 wow fadeIn\"><div class=\"wpb_column vc_column_container vc_col-sm-12  col-xs-mobile-fullwidth\"><div class=\"vc_column-inner \"><div class=\"wpb_wrapper\"><div class=\"vc_row wpb_row vc_inner vc_row-fluid   vc_row-o-equal-height vc_row-flex\"><div class=\"wpb_column vc_column_container vc_col-sm-6 vc_col-md-3 vc_col-xs-12 wow fadeInUp text-center pofo-column-responsive-6a06421e606b4\"><div class=\"vc_column-inner \"><div class=\"wpb_wrapper\"><div class=\"featurebox8 pofo-featurebox  vc_custom_1731600897483 position-relative overflow-hidden z-index-5 padding-twelve-all md-padding-six-all xs-padding-15px-lr featurebox8-1\" ><div class=\"display-inline-block margin-20px-bottom\"><i class=\"link-icon fa-solid fa-pencil icon-medium text-white icon-round-small bg-deep-pink margin-25px-bottom margin-25px-top sm-margin-20px-bottom xs-margin-15px-bottom\" style=\"\"><\/i><\/div><div class=\"alt-font text-extra-dark-gray font-weight-600 margin-10px-bottom sm-margin-5px-bottom\">PROGETTAZIONE<\/div><\/div><\/div><\/div><\/div><div class=\"wpb_column vc_column_container vc_col-sm-6 vc_col-md-3 vc_col-xs-12 wow fadeInUp text-center pofo-column-responsive-6a06421e607ea\" data-wow-delay= 200ms><div class=\"vc_column-inner \"><div class=\"wpb_wrapper\"><div class=\"featurebox8 pofo-featurebox  vc_custom_1731600938813 position-relative overflow-hidden z-index-5 padding-twelve-all md-padding-six-all xs-padding-15px-lr featurebox8-2\" ><div class=\"display-inline-block margin-20px-bottom\"><i class=\"link-icon fa-solid fa-clipboard-check icon-medium text-white icon-round-small bg-deep-pink margin-25px-bottom margin-25px-top sm-margin-20px-bottom xs-margin-15px-bottom\" style=\"\"><\/i><\/div><div class=\"alt-font text-extra-dark-gray font-weight-600 margin-10px-bottom sm-margin-5px-bottom\">ISPEZIONI<\/div><\/div><\/div><\/div><\/div><div class=\"wpb_column vc_column_container vc_col-sm-6 vc_col-md-3 vc_col-xs-12 md-clear-both wow fadeInUp text-center pofo-column-responsive-6a06421e608ac\" data-wow-delay= 400ms data-clear-both=\"md-clear-both\"><div class=\"vc_column-inner \"><div class=\"wpb_wrapper\"><div class=\"featurebox8 pofo-featurebox  vc_custom_1731600952962 position-relative overflow-hidden z-index-5 padding-twelve-all md-padding-six-all xs-padding-15px-lr featurebox8-3\" ><div class=\"display-inline-block margin-20px-bottom\"><i class=\"link-icon fa-solid fa-paper-plane icon-medium text-white icon-round-small bg-deep-pink margin-25px-bottom margin-25px-top sm-margin-20px-bottom xs-margin-15px-bottom\" style=\"\"><\/i><\/div><div class=\"alt-font text-extra-dark-gray font-weight-600 margin-10px-bottom sm-margin-5px-bottom\">EXPEDITING<\/div><\/div><\/div><\/div><\/div><div class=\"wpb_column vc_column_container vc_col-sm-6 vc_col-md-3 vc_col-xs-12 wow fadeInUp text-center\" data-wow-delay= 600ms><div class=\"vc_column-inner \"><div class=\"wpb_wrapper\"><div class=\"featurebox8 pofo-featurebox  vc_custom_1731600968793 position-relative overflow-hidden z-index-5 padding-twelve-all md-padding-six-all xs-padding-15px-lr featurebox8-4\" ><div class=\"display-inline-block margin-20px-bottom\"><i class=\"link-icon fa-solid fa-gear icon-medium text-white icon-round-small bg-deep-pink margin-25px-bottom margin-25px-top sm-margin-20px-bottom xs-margin-15px-bottom\" style=\"\"><\/i><\/div><div class=\"alt-font text-extra-dark-gray font-weight-600 margin-10px-bottom sm-margin-5px-bottom\">MANAGEMENT<\/div><\/div><\/div><\/div><\/div><\/div><\/div><\/div><\/div><\/section><section data-vc-full-width=\"true\" data-vc-full-width-init=\"false\" class=\"vc_row wpb_row vc_row-fluid  vc_custom_1731602084351 vc_row-has-fill vc_column-gap-25 pofo-stretch-content pofo-stretch-row-container vc_row-o-equal-height vc_row-flex\"><div class=\"wpb_column vc_column_container vc_col-sm-6  col-xs-mobile-fullwidth\"><div class=\"vc_column-inner \"><div class=\"wpb_wrapper\"><div class=\"bg-white featurebox34 pofo-featurebox featurebox34-1\" ><img loading=\"lazy\" decoding=\"async\" src=\"https:\/\/enginex.it\/wp-content\/uploads\/2024\/11\/gruppo.jpg\" width=\"600\" height=\"300\"  alt=\"\" srcset=\"https:\/\/enginex.it\/wp-content\/uploads\/2024\/11\/gruppo.jpg 600w, https:\/\/enginex.it\/wp-content\/uploads\/2024\/11\/gruppo-300x150.jpg 300w, https:\/\/enginex.it\/wp-content\/uploads\/2024\/11\/gruppo-120x60.jpg 120w, https:\/\/enginex.it\/wp-content\/uploads\/2024\/11\/gruppo-81x41.jpg 81w\" sizes=\"auto, (max-width: 600px) 100vw, 600px\" class=\"icon-image\"\/><div class=\"padding-45px-all sm-padding-15px-all inner-match-height\"><span class=\"text-extra-dark-gray font-weight-600 display-block alt-font margin-10px-bottom\">IL TEAM<\/span><div class=\"last-paragraph-no-margin\"><p>La vasta esperienza del personale ENGINEX acquisita con aziende leader a livello internazionale nel campo dell\u2019impiantistica industriale ed in particolare nei settori dell\u2019Oil &amp; Gas, del petrolchimico e degli impianti di produzione di energia. ENGINEX \u00e8 in grado di offrire servizi di primo livello nel campo dell\u2019expediting, delle ispezioni nonch\u00e9 nelle prove su materiali, componenti e su macchinari industriali in genere. ENGINEX ha una vasta esperienza nel coordinamento delle attivit\u00e0 di controllo qualit\u00e0, nella qualifica dei fornitori e nell\u2019expediting di commesse complesse.<\/p>\n<\/div><\/div><\/div><\/div><\/div><\/div><div class=\"wpb_column vc_column_container vc_col-has-fill vc_col-sm-6  col-xs-mobile-fullwidth\"><div class=\"vc_column-inner vc_custom_1731601662898\"><div class=\"wpb_wrapper\"><div class=\"bg-white featurebox34 pofo-featurebox featurebox34-2\" ><img loading=\"lazy\" decoding=\"async\" src=\"https:\/\/enginex.it\/wp-content\/uploads\/2024\/11\/obiettivi.jpg\" width=\"600\" height=\"300\"  alt=\"\" srcset=\"https:\/\/enginex.it\/wp-content\/uploads\/2024\/11\/obiettivi.jpg 600w, https:\/\/enginex.it\/wp-content\/uploads\/2024\/11\/obiettivi-300x150.jpg 300w, https:\/\/enginex.it\/wp-content\/uploads\/2024\/11\/obiettivi-120x60.jpg 120w, https:\/\/enginex.it\/wp-content\/uploads\/2024\/11\/obiettivi-81x41.jpg 81w\" sizes=\"auto, (max-width: 600px) 100vw, 600px\" class=\"icon-image\"\/><div class=\"padding-45px-all sm-padding-15px-all inner-match-height\"><span class=\"text-extra-dark-gray font-weight-600 display-block alt-font margin-10px-bottom\">OBIETTIVI<\/span><div class=\"last-paragraph-no-margin\"><p>La disponibilit\u00e0 delle opportune strutture di servizio e di uno staff internazionale altamente specializzato ci permettono di affrontare progetti di medie e grandi dimensioni, mobilitando risorse interne ed esterne per trovare le giuste sinergie al fine di costituire team di tecnici e di specialisti nelle varie discipline in grado di gestire adeguatamente le problematiche di progetti complessi al fine centrare obiettivi imposti dai nostri Clienti.<\/p>\n<\/div><\/div><\/div><\/div><\/div><\/div><\/section><div class=\"vc_row-full-width vc_clearfix\"><\/div><section data-vc-full-width=\"true\" data-vc-full-width-init=\"false\" class=\"vc_row wpb_row vc_row-fluid  vc_custom_1731596050453 cover-background wow fadeIn vc_row-has-fill pofo-stretch-content pofo-stretch-row-container pofo-row-responsive-6a06421e61128\"><div class=\"wpb_column vc_column_container vc_col-sm-12 vc_col-md-12 col-xs-mobile-fullwidth text-center\"><div class=\"vc_column-inner \"><div class=\"wpb_wrapper\"><span class=\"text-extra-large margin-25px-bottom vertical-align-middle sm-width-100 display-inline-block alt-font text-uppercase heading-style3  vc_custom_1731596079537 pofo-button-responsive-6a06421e6126f  heading-2\"  style=\"color: #ffffff;\">Contattaci per una consulenza<\/span><a  href=\"http:\/\/enginex.it\/contatti\/\" target=\"_self\" class=\"btn pofo-button-1 button-style2  btn-white  btn-large pofo-button-responsive-6a06421e612b7\" >COMPILA IL FORM<\/a><\/div><\/div><\/div><\/section><div class=\"vc_row-full-width vc_clearfix\"><\/div>\n<\/div>","protected":false},"excerpt":{"rendered":"[vc_images_carousel images=\"22221,22219,22220\" img_size=\"full\" autoplay=\"yes\" wrap=\"yes\" css=\"\"]Perch\u00e9 affidarsi ad EngineXLa nostra \u201cMission\u201d \u00e8 fornire ai Clienti soluzioni complete per quanto riguarda la progettazione, le ispezioni e i servizi di expediting e di management finalizzati alla realizzazione di impianti industriali con l\u2019obiettivo di offrire soluzioni flessibili e dinamiche tagliate sulle specifiche esigenze del Cliente. ENGINEX si propone infatti come partner privilegiato nei settori dell\u2019Oil &amp;Gas, del petrolchimico, della generazione di energia e delle installazioni industriali in genere. Il sistema di management di ENGINEX \u00e8 stato concepito allo scopo di raggiungere la piena soddisfazione del Cliente e dell\u2019utilizzatore finale in quanto a tempi, costi, qualit\u00e0, disponibilit\u00e0 e affidabilit\u00e0. ENGINEX \u00e8 in grado di offrire risorse a livello internazionale altamente qualificate, per supportare con sorprendente professionalit\u00e0 e flessibilit\u00e0 medi e grandi progetti industriali. PROGETTAZIONEISPEZIONIEXPEDITINGMANAGEMENTIL TEAMLa vasta esperienza del personale ENGINEX acquisita con aziende leader a livello internazionale nel campo dell\u2019impiantistica industriale ed in particolare nei settori dell\u2019Oil &amp; Gas, del petrolchimico e degli impianti di produzione di energia. ENGINEX \u00e8 in grado di offrire servizi di primo livello nel campo dell\u2019expediting, delle ispezioni nonch\u00e9 nelle prove su materiali, componenti e su macchinari industriali in genere. ENGINEX ha una vasta esperienza nel coordinamento delle attivit\u00e0...","protected":false},"author":1,"featured_media":0,"parent":0,"menu_order":0,"comment_status":"closed","ping_status":"closed","template":"","meta":{"footnotes":""},"class_list":["post-5556","page","type-page","status-publish","hentry"],"_links":{"self":[{"href":"https:\/\/enginex.it\/it\/wp-json\/wp\/v2\/pages\/5556","targetHints":{"allow":["GET"]}}],"collection":[{"href":"https:\/\/enginex.it\/it\/wp-json\/wp\/v2\/pages"}],"about":[{"href":"https:\/\/enginex.it\/it\/wp-json\/wp\/v2\/types\/page"}],"author":[{"embeddable":true,"href":"https:\/\/enginex.it\/it\/wp-json\/wp\/v2\/users\/1"}],"replies":[{"embeddable":true,"href":"https:\/\/enginex.it\/it\/wp-json\/wp\/v2\/comments?post=5556"}],"version-history":[{"count":35,"href":"https:\/\/enginex.it\/it\/wp-json\/wp\/v2\/pages\/5556\/revisions"}],"predecessor-version":[{"id":22517,"href":"https:\/\/enginex.it\/it\/wp-json\/wp\/v2\/pages\/5556\/revisions\/22517"}],"wp:attachment":[{"href":"https:\/\/enginex.it\/it\/wp-json\/wp\/v2\/media?parent=5556"}],"curies":[{"name":"wp","href":"https:\/\/api.w.org\/{rel}","templated":true}]}}