{"id":22254,"date":"2024-11-14T17:37:17","date_gmt":"2024-11-14T16:37:17","guid":{"rendered":"http:\/\/enginex.it\/?page_id=22254"},"modified":"2024-11-14T17:55:31","modified_gmt":"2024-11-14T16:55:31","slug":"servizi","status":"publish","type":"page","link":"https:\/\/enginex.it\/it\/servizi\/","title":{"rendered":"Servizi"},"content":{"rendered":"<div class=\"wpb-content-wrapper\"><section class=\"vc_row wpb_row vc_row-fluid  vc_custom_1731602737057 vc_column-gap-20 vc_row-o-content-middle vc_row-flex\"><div class=\"wpb_column vc_column_container vc_col-sm-6 vc_col-lg-3 vc_col-md-3 col-xs-mobile-fullwidth text-center md-text-center sm-text-center xs-text-center\"><div class=\"vc_column-inner \"><div class=\"wpb_wrapper\"><div class=\"featurebox8 pofo-featurebox  vc_custom_1731602636757 position-relative overflow-hidden z-index-5 padding-twelve-all md-padding-six-all xs-padding-15px-lr featurebox8-1\" ><div class=\"display-inline-block margin-20px-bottom\"><img decoding=\"async\" src=\"https:\/\/enginex.it\/wp-content\/uploads\/2024\/11\/icone_01.png\" alt=\"\" class=\"icon-image margin-25px-bottom margin-25px-top sm-margin-20px-bottom xs-margin-15px-bottom\"\/><\/div><h6 class=\"alt-font text-extra-dark-gray font-weight-600 margin-10px-bottom sm-margin-5px-bottom\">EXPEDITING<\/h6><\/div><\/div><\/div><\/div><div class=\"wpb_column vc_column_container vc_col-sm-6 vc_col-lg-9 vc_col-md-9 col-xs-mobile-fullwidth\"><div class=\"vc_column-inner \"><div class=\"wpb_wrapper\"><div class=\"last-paragraph-no-margin\"><p>ENGINEX offre servizi di expediting volti al monitoraggio della gestione e dello stato di avanzamento degli ordini di acquisto, con lo scopo di assicurare che i fornitori conducano le attivit\u00e0 in conformit\u00e0 con i requisiti stabiliti in termini di qualit\u00e0 e efficienza. I nostri expediter, lavorando a stretto contatto con i progettisti, monitorano attivamente i programmi di produzione, approvvigionamento, gestione e coordinamento identificando e risolvendo tempestivamente i potenziali &#8220;colli di bottiglia&#8221; al fine di garantire che le apparecchiature, i materiali e i componenti siano completati e vengano consegnati nel rispetto delle condizioni contrattuali e delle specifiche applicabili. Tali servizi costituiscono quindi un valore aggiunto per il progetto poich\u00e9 evitano al cliente di incorrere in ritardi e penalit\u00e0 con conseguenti danni economici e d\u2019immagine.<\/p>\n<\/div><\/div><\/div><\/div><\/section><section data-vc-full-width=\"true\" data-vc-full-width-init=\"false\" class=\"vc_row wpb_row vc_row-fluid  vc_custom_1731602862793 vc_row-has-fill vc_column-gap-20 pofo-stretch-content pofo-stretch-row-container vc_row-o-content-middle vc_row-flex\"><div class=\"wpb_column vc_column_container vc_col-sm-6 vc_col-lg-3 vc_col-md-3 col-xs-mobile-fullwidth text-center md-text-center sm-text-center xs-text-center\"><div class=\"vc_column-inner \"><div class=\"wpb_wrapper\"><div class=\"featurebox8 pofo-featurebox  vc_custom_1731602887226 position-relative overflow-hidden z-index-5 padding-twelve-all md-padding-six-all xs-padding-15px-lr featurebox8-2\" ><div class=\"display-inline-block margin-20px-bottom\"><img decoding=\"async\" src=\"https:\/\/enginex.it\/wp-content\/uploads\/2024\/11\/icone_03.png\" alt=\"\" class=\"icon-image margin-25px-bottom margin-25px-top sm-margin-20px-bottom xs-margin-15px-bottom\"\/><\/div><h6 class=\"alt-font text-extra-dark-gray font-weight-600 margin-10px-bottom sm-margin-5px-bottom\">ISPEZIONI <br \/> PRE-SHIPMENT<\/h6><\/div><\/div><\/div><\/div><div class=\"wpb_column vc_column_container vc_col-sm-6 vc_col-lg-3 vc_col-md-3 col-xs-mobile-fullwidth\"><div class=\"vc_column-inner \"><div class=\"wpb_wrapper\"><div class=\"last-paragraph-no-margin\"><p>ENGINEX esegue ispezioni volte ad assicurare che la fornitura in spedizione corrisponda in termini di qualit\u00e0, quantit\u00e0, imballo, e marcatura a quanto richiesto dal cliente finale e\/o a quanto previsto dalle normative vigenti nel Paese di destinazione.<\/p>\n<\/div><\/div><\/div><\/div><div class=\"wpb_column vc_column_container vc_col-sm-6 vc_col-lg-3 vc_col-md-3 col-xs-mobile-fullwidth text-center md-text-center sm-text-center xs-text-center\"><div class=\"vc_column-inner \"><div class=\"wpb_wrapper\"><div class=\"featurebox8 pofo-featurebox  vc_custom_1731602901724 position-relative overflow-hidden z-index-5 padding-twelve-all md-padding-six-all xs-padding-15px-lr featurebox8-3\" ><div class=\"display-inline-block margin-20px-bottom\"><img decoding=\"async\" src=\"https:\/\/enginex.it\/wp-content\/uploads\/2024\/11\/icone_03.png\" alt=\"\" class=\"icon-image margin-25px-bottom margin-25px-top sm-margin-20px-bottom xs-margin-15px-bottom\"\/><\/div><h6 class=\"alt-font text-extra-dark-gray font-weight-600 margin-10px-bottom sm-margin-5px-bottom\">AUDITS<\/h6><\/div><\/div><\/div><\/div><div class=\"wpb_column vc_column_container vc_col-sm-6 vc_col-lg-3 vc_col-md-3 col-xs-mobile-fullwidth\"><div class=\"vc_column-inner \"><div class=\"wpb_wrapper\"><div class=\"last-paragraph-no-margin\"><p>ENGINEX \u00e8 in grado di strutturare rapidamente teams di &#8220;Auditing&#8221; indipendente servendosi di specialisti del settore. Un numero crescente di clienti fa uso di questo tipo di servizio per monitorare la produzione dei fornitori in termini di qualit\u00e0 e di aderenza alle procedure e alle specifiche contrattuali.<\/p>\n<\/div><\/div><\/div><\/div><\/section><div class=\"vc_row-full-width vc_clearfix\"><\/div><section class=\"vc_row wpb_row vc_row-fluid  vc_custom_1731602737057 vc_column-gap-20 vc_row-o-content-middle vc_row-flex\"><div class=\"wpb_column vc_column_container vc_col-sm-6 vc_col-lg-3 vc_col-md-3 col-xs-mobile-fullwidth text-center md-text-center sm-text-center xs-text-center\"><div class=\"vc_column-inner \"><div class=\"wpb_wrapper\"><div class=\"featurebox8 pofo-featurebox  vc_custom_1731603071727 position-relative overflow-hidden z-index-5 padding-twelve-all md-padding-six-all xs-padding-15px-lr featurebox8-4\" ><div class=\"display-inline-block margin-20px-bottom\"><img decoding=\"async\" src=\"https:\/\/enginex.it\/wp-content\/uploads\/2024\/11\/icone_11.png\" alt=\"\" class=\"icon-image margin-25px-bottom margin-25px-top sm-margin-20px-bottom xs-margin-15px-bottom\"\/><\/div><h6 class=\"alt-font text-extra-dark-gray font-weight-600 margin-10px-bottom sm-margin-5px-bottom\">QUALIFICA DEI FORNITORI<\/h6><\/div><\/div><\/div><\/div><div class=\"wpb_column vc_column_container vc_col-sm-6 vc_col-lg-9 vc_col-md-9 col-xs-mobile-fullwidth\"><div class=\"vc_column-inner \"><div class=\"wpb_wrapper\"><div class=\"last-paragraph-no-margin\"><p>ENGINEX offre un processo di qualifica dei fornitori di lavori, di beni e di servizi in grado di accertare che i livelli di qualit\u00e0 richiesti dai clienti siano soddisfatti. In particolare, la qualifica dei fornitori, viene eseguita per prodotti e servizi strategici caratterizzati da alti valori di spesa e\/o per prodotti e servizi sensibili in termini di sicurezza e implicazioni ambientali.<\/p>\n<\/div><\/div><\/div><\/div><\/section><section data-vc-full-width=\"true\" data-vc-full-width-init=\"false\" class=\"vc_row wpb_row vc_row-fluid  vc_custom_1731602862793 vc_row-has-fill vc_column-gap-20 pofo-stretch-content pofo-stretch-row-container vc_row-o-content-middle vc_row-flex\"><div class=\"wpb_column vc_column_container vc_col-sm-6 vc_col-lg-3 vc_col-md-3 col-xs-mobile-fullwidth text-center md-text-center sm-text-center xs-text-center\"><div class=\"vc_column-inner \"><div class=\"wpb_wrapper\"><div class=\"featurebox8 pofo-featurebox  vc_custom_1731603146022 position-relative overflow-hidden z-index-5 padding-twelve-all md-padding-six-all xs-padding-15px-lr featurebox8-5\" ><div class=\"display-inline-block margin-20px-bottom\"><img decoding=\"async\" src=\"https:\/\/enginex.it\/wp-content\/uploads\/2024\/11\/icone_13.png\" alt=\"\" class=\"icon-image margin-25px-bottom margin-25px-top sm-margin-20px-bottom xs-margin-15px-bottom\"\/><\/div><h6 class=\"alt-font text-extra-dark-gray font-weight-600 margin-10px-bottom sm-margin-5px-bottom\">ISPEZIONI E COLLAUDI<\/h6><\/div><\/div><\/div><\/div><div class=\"wpb_column vc_column_container vc_col-sm-6 vc_col-lg-3 vc_col-md-3 col-xs-mobile-fullwidth\"><div class=\"vc_column-inner \"><div class=\"wpb_wrapper\"><div class=\"last-paragraph-no-margin\"><p>ENGINEX offre servizi di Ispezione, Collaudo, Test di performance finalizzati all\u2019accertamento della conformit\u00e0 del prodotto e della produzione alle specifiche tecniche contrattuali. Lo scopo di questi servizi e di monitorare la produzione presso le officine del fornitore per assicurare che i prodotti soddisfino i requisiti contrattuali in termini di aderenza alle specifiche applicabili e in termini di garanzia\/controllo della qualit\u00e0. I test di prestazione su apparecchiature e macchinari sono volte a garantire che l&#8217;apparecchiatura soddisfa i requisiti contrattuali. I nostri ispettori presenziando i test assicurano che essi sono eseguiti in accordo alle vigenti norme\/codici\/procedure e con l&#8217;utilizzo di opportuni metodi e strumenti di prova e di misura.<\/p>\n<\/div><\/div><\/div><\/div><div class=\"wpb_column vc_column_container vc_col-sm-6 vc_col-lg-3 vc_col-md-3 col-xs-mobile-fullwidth text-center md-text-center sm-text-center xs-text-center\"><div class=\"vc_column-inner \"><div class=\"wpb_wrapper\"><div class=\"featurebox8 pofo-featurebox  vc_custom_1731603174591 position-relative overflow-hidden z-index-5 padding-twelve-all md-padding-six-all xs-padding-15px-lr featurebox8-6\" ><div class=\"display-inline-block margin-20px-bottom\"><img decoding=\"async\" src=\"https:\/\/enginex.it\/wp-content\/uploads\/2024\/11\/icone_08.png\" alt=\"\" class=\"icon-image margin-25px-bottom margin-25px-top sm-margin-20px-bottom xs-margin-15px-bottom\"\/><\/div><h6 class=\"alt-font text-extra-dark-gray font-weight-600 margin-10px-bottom sm-margin-5px-bottom\">CONTROLLO QUALIT\u00c0<\/h6><\/div><\/div><\/div><\/div><div class=\"wpb_column vc_column_container vc_col-sm-6 vc_col-lg-3 vc_col-md-3 col-xs-mobile-fullwidth\"><div class=\"vc_column-inner \"><div class=\"wpb_wrapper\"><div class=\"last-paragraph-no-margin\"><div id=\"qx-text-82794\" class=\"qx-element qx-element-text qx-text-center\">\n<p align=\"justify\">ENGINEX \u00e8 in grado di offrire ispettori e tecnici specializzati per la supervisione delle attivit\u00e0 di controllo qualit\u00e0 sia presso le officine dei fornitori che in cantiere, in particolare:<\/p>\n<ul>\n<li>Supervisione, Prove e Collaudi secondo le normative internazionali<\/li>\n<li>Verifica, Redazione e Revisione delle specifiche di saldatura e dei controlli<\/li>\n<li>Servizi di Site Management e Fornitura di Ispettori e Tecnici Specializzati per la supervisione delle attivit\u00e0 sia presso le officine dei fornitori che in cantiere<\/li>\n<\/ul>\n<\/div>\n<\/div><\/div><\/div><\/div><\/section><div class=\"vc_row-full-width vc_clearfix\"><\/div><section class=\"vc_row wpb_row vc_row-fluid  vc_custom_1731603330673 vc_column-gap-20 vc_row-o-content-middle vc_row-flex\"><div class=\"wpb_column vc_column_container vc_col-sm-6 vc_col-lg-3 vc_col-md-3 col-xs-mobile-fullwidth text-center md-text-center sm-text-center xs-text-center\"><div class=\"vc_column-inner \"><div class=\"wpb_wrapper\"><div class=\"featurebox8 pofo-featurebox  vc_custom_1731603296226 position-relative overflow-hidden z-index-5 padding-twelve-all md-padding-six-all xs-padding-15px-lr featurebox8-7\" ><div class=\"display-inline-block margin-20px-bottom\"><img decoding=\"async\" src=\"https:\/\/enginex.it\/wp-content\/uploads\/2024\/11\/icone_14.png\" alt=\"\" class=\"icon-image margin-25px-bottom margin-25px-top sm-margin-20px-bottom xs-margin-15px-bottom\"\/><\/div><h6 class=\"alt-font text-extra-dark-gray font-weight-600 margin-10px-bottom sm-margin-5px-bottom\">SUPERVISIONE <br \/> DI CANTIERE<\/h6><\/div><\/div><\/div><\/div><div class=\"wpb_column vc_column_container vc_col-sm-6 vc_col-lg-9 vc_col-md-9 col-xs-mobile-fullwidth\"><div class=\"vc_column-inner \"><div class=\"wpb_wrapper\"><div class=\"last-paragraph-no-margin\"><div id=\"qx-section-6280\" class=\"qx-section \">\n<div class=\"qx-container\">\n<div id=\"qx-row-89113\" class=\"qx-row \">\n<div id=\"qx-column-84115\" class=\"qx-column qx-col-lg-4 qx-col-md-4 qx-col-sm-6 qx-col-xs-12\">\n<div id=\"qx-accordion-59119\" class=\"qx-element qx-element-accordion \">\n<div class=\"collapsible-body\">\n<p>La supervisione del cantiere\u00a0 si applica alla costruzione, all&#8217;avviamento e alla messa in servizio di impianti industriali in genere.<\/p>\n<p>Durante la costruzione e la messa in servizio \u00e8 necessario un team di supervisori qualificati ed esperti per gestire le attivit\u00e0 del cantiere al fine di\u00a0 implementare:<\/p>\n<ul>\n<li>Il monitoraggio e la supervisione\u00a0 degli appaltatori e delle attivit\u00e0 di cantiere<\/li>\n<li>La pianificazione dei tempi e dei costi delle attivit\u00e0 di costruzione.<\/li>\n<li>Il completamento delle attivit\u00e0 secondo il cronoprogramma e in accordo\u00a0 agli standard di qualit\u00e0 previsti.<\/li>\n<li>Il monitoraggio della sicurezza di tutti i lavoratori coinvolti.<\/li>\n<\/ul>\n<p>La nostra rete operativa comprende site managers e specialisti\u00a0 qualificati in varie discipline (civile, meccanica, piping ,elettrica, strumentazione, automazione) per implementare e svolgere il servizio con elevati standards di qualit\u00e0 e flessibilit\u00e0.<\/p>\n<p>I nostri servizi di cantiere sono coordinati e gestiti da un coordinatore di progetto dedicato che opera\u00a0 come unica interfaccia verso\u00a0 il\u00a0 cliente per ogni aspetto contrattuale, monitorando il servizio in tutti i suoi aspetti e garantendo gli standard di qualit\u00e0 previsti.<\/p>\n<\/div>\n<\/div>\n<\/div>\n<\/div>\n<\/div>\n<\/div>\n<\/div><\/div><\/div><\/div><\/section><section data-vc-full-width=\"true\" data-vc-full-width-init=\"false\" class=\"vc_row wpb_row vc_row-fluid  vc_custom_1731596050453 cover-background wow fadeIn vc_row-has-fill pofo-stretch-content pofo-stretch-row-container pofo-row-responsive-6a06438a53ef7\"><div class=\"wpb_column vc_column_container vc_col-sm-12 vc_col-md-12 col-xs-mobile-fullwidth text-center\"><div class=\"vc_column-inner \"><div class=\"wpb_wrapper\"><span class=\"text-extra-large margin-25px-bottom vertical-align-middle sm-width-100 display-inline-block alt-font text-uppercase heading-style3  vc_custom_1731596079537 pofo-button-responsive-6a06438a5407f  heading-1\"  style=\"color: #ffffff;\">Contattaci per una consulenza<\/span><a  href=\"http:\/\/enginex.it\/contatti\/\" target=\"_self\" class=\"btn pofo-button-1 button-style2  btn-white  btn-large pofo-button-responsive-6a06438a540cd\" >COMPILA IL FORM<\/a><\/div><\/div><\/div><\/section><div class=\"vc_row-full-width vc_clearfix\"><\/div>\n<\/div>","protected":false},"excerpt":{"rendered":"EXPEDITINGENGINEX offre servizi di expediting volti al monitoraggio della gestione e dello stato di avanzamento degli ordini di acquisto, con lo scopo di assicurare che i fornitori conducano le attivit\u00e0 in conformit\u00e0 con i requisiti stabiliti in termini di qualit\u00e0 e efficienza. I nostri expediter, lavorando a stretto contatto con i progettisti, monitorano attivamente i programmi di produzione, approvvigionamento, gestione e coordinamento identificando e risolvendo tempestivamente i potenziali \"colli di bottiglia\" al fine di garantire che le apparecchiature, i materiali e i componenti siano completati e vengano consegnati nel rispetto delle condizioni contrattuali e delle specifiche applicabili. Tali servizi costituiscono quindi un valore aggiunto per il progetto poich\u00e9 evitano al cliente di incorrere in ritardi e penalit\u00e0 con conseguenti danni economici e d\u2019immagine. ISPEZIONI PRE-SHIPMENTENGINEX esegue ispezioni volte ad assicurare che la fornitura in spedizione corrisponda in termini di qualit\u00e0, quantit\u00e0, imballo, e marcatura a quanto richiesto dal cliente finale e\/o a quanto previsto dalle normative vigenti nel Paese di destinazione. AUDITSENGINEX \u00e8 in grado di strutturare rapidamente teams di \"Auditing\" indipendente servendosi di specialisti del settore. Un numero crescente di clienti fa uso di questo tipo di servizio per monitorare la produzione dei fornitori in termini di qualit\u00e0 e...","protected":false},"author":1,"featured_media":0,"parent":0,"menu_order":0,"comment_status":"closed","ping_status":"closed","template":"","meta":{"footnotes":""},"class_list":["post-22254","page","type-page","status-publish","hentry"],"_links":{"self":[{"href":"https:\/\/enginex.it\/it\/wp-json\/wp\/v2\/pages\/22254","targetHints":{"allow":["GET"]}}],"collection":[{"href":"https:\/\/enginex.it\/it\/wp-json\/wp\/v2\/pages"}],"about":[{"href":"https:\/\/enginex.it\/it\/wp-json\/wp\/v2\/types\/page"}],"author":[{"embeddable":true,"href":"https:\/\/enginex.it\/it\/wp-json\/wp\/v2\/users\/1"}],"replies":[{"embeddable":true,"href":"https:\/\/enginex.it\/it\/wp-json\/wp\/v2\/comments?post=22254"}],"version-history":[{"count":34,"href":"https:\/\/enginex.it\/it\/wp-json\/wp\/v2\/pages\/22254\/revisions"}],"predecessor-version":[{"id":22290,"href":"https:\/\/enginex.it\/it\/wp-json\/wp\/v2\/pages\/22254\/revisions\/22290"}],"wp:attachment":[{"href":"https:\/\/enginex.it\/it\/wp-json\/wp\/v2\/media?parent=22254"}],"curies":[{"name":"wp","href":"https:\/\/api.w.org\/{rel}","templated":true}]}}